{"id":32,"date":"2022-05-20T15:50:24","date_gmt":"2022-05-20T15:50:24","guid":{"rendered":"https:\/\/sim-in-trust.com\/fr-fr\/index.php\/colibri-wp\/"},"modified":"2022-11-23T15:11:36","modified_gmt":"2022-11-23T14:11:36","slug":"colibri-wp","status":"publish","type":"page","link":"https:\/\/sim-in-trust.com\/fr-fr\/","title":{"rendered":"Home"},"content":{"rendered":"<div data-colibri-id=\"32-c1\" class=\"style-190 style-local-32-c1 position-relative\">\n  <!---->\n  <div data-colibri-component=\"section\" data-colibri-id=\"32-c2\" id=\"contact\" class=\"h-section h-section-global-spacing d-flex align-items-lg-center align-items-md-center align-items-center style-683 style-local-32-c2 position-relative\">\n    <div class=\"background-wrapper\">\n      <div class=\"background-layer background-layer-media-container-lg\">\n        <!---->\n        <div class=\"overlay-layer\">\n          <div class=\"overlay-image-layer\" style=\"background-color: rgb(23, 37, 42); opacity: 0.5;\"><\/div>\n        <\/div>\n      <\/div>\n      <div class=\"background-layer background-layer-media-container-md\">\n        <!---->\n        <div class=\"overlay-layer\">\n          <div class=\"overlay-image-layer\" style=\"background-color: rgb(23, 37, 42); opacity: 0.5;\"><\/div>\n        <\/div>\n      <\/div>\n      <div class=\"background-layer background-layer-media-container\">\n        <!---->\n        <div class=\"overlay-layer\">\n          <div class=\"overlay-image-layer\" style=\"background-color: rgb(23, 37, 42); opacity: 0.5;\"><\/div>\n        <\/div>\n      <\/div>\n    <\/div>\n    <!---->\n    <div class=\"h-section-grid-container h-section-boxed-container\">\n      <!---->\n      <div data-colibri-id=\"32-c3\" class=\"h-row-container gutters-row-lg-2 gutters-row-md-2 gutters-row-2 gutters-row-v-lg-2 gutters-row-v-md-2 gutters-row-v-2 style-684 style-local-32-c3 position-relative\">\n        <!---->\n        <div class=\"h-row justify-content-lg-center justify-content-md-center justify-content-center align-items-lg-stretch align-items-md-stretch align-items-stretch gutters-col-lg-2 gutters-col-md-2 gutters-col-2 gutters-col-v-lg-2 gutters-col-v-md-2 gutters-col-v-2\">\n          <!---->\n          <div class=\"h-column h-column-container d-flex h-col-lg-auto h-col-md-auto h-col-auto style-685-outer style-local-32-c4-outer\">\n            <div data-colibri-id=\"32-c4\" class=\"d-flex h-flex-basis h-column__inner h-px-lg-0 h-px-md-0 h-px-0 v-inner-lg-0 v-inner-md-0 v-inner-0 style-685 style-local-32-c4 position-relative\">\n              <!---->\n              <!---->\n              <div class=\"w-100 h-y-container h-column__content h-column__v-align flex-basis-100 align-self-lg-start align-self-md-start align-self-start\">\n                <!---->\n                <div data-colibri-id=\"32-c5\" class=\"h-row-container gutters-row-lg-0 gutters-row-md-0 gutters-row-0 gutters-row-v-lg-0 gutters-row-v-md-0 gutters-row-v-0 style-686 style-local-32-c5 position-relative\">\n                  <!---->\n                  <div class=\"h-row justify-content-lg-center justify-content-md-center justify-content-center align-items-lg-stretch align-items-md-stretch align-items-stretch gutters-col-lg-0 gutters-col-md-0 gutters-col-0 gutters-col-v-lg-0 gutters-col-v-md-0 gutters-col-v-0\">\n                    <!---->\n                    <div class=\"h-column h-column-container d-flex h-col-lg-auto h-col-md-auto h-col-auto style-687-outer style-local-32-c6-outer\">\n                      <div data-colibri-id=\"32-c6\" class=\"d-flex h-flex-basis h-column__inner h-px-lg-0 h-px-md-0 h-px-0 v-inner-lg-0 v-inner-md-0 v-inner-0 style-687 style-local-32-c6 position-relative\">\n                        <!---->\n                        <!---->\n                        <div class=\"w-100 h-y-container h-column__content h-column__v-align flex-basis-100 align-self-lg-center align-self-md-center align-self-center\">\n                          <!---->\n                          <div data-colibri-id=\"32-c7\" class=\"h-global-transition-all h-heading style-688 style-local-32-c7 position-relative h-element\">\n                            <!---->\n                            <div class=\"h-heading__outer style-688 style-local-32-c7\">\n                              <!---->\n                              <!---->\n                              <h4 class=\"\">Informations de contact<\/h4>\n                            <\/div>\n                          <\/div>\n                          <div data-colibri-id=\"32-c8\" class=\"h-icon style-689 style-local-32-c8 position-relative h-element\">\n                            <!----><span class=\"h-svg-icon h-icon__icon style-689-icon style-local-32-c8-icon\"><!--Icon by Font Awesome (https:\/\/fontawesome.com)-->\n    <svg version=\"1.1\" xmlns=\"http:\/\/www.w3.org\/2000\/svg\" xmlns:xlink=\"http:\/\/www.w3.org\/1999\/xlink\" id=\"envelope-o\" viewBox=\"0 0 1792 1896.0833\">\n      <path d=\"M1664 1504V736q-32 36-69 66-268 206-426 338-51 43-83 67t-86.5 48.5T897 1280h-2q-48 0-102.5-24.5T706 1207t-83-67q-158-132-426-338-37-30-69-66v768q0 13 9.5 22.5t22.5 9.5h1472q13 0 22.5-9.5t9.5-22.5zm0-1051v-24.5l-.5-13-3-12.5-5.5-9-9-7.5-14-2.5H160q-13 0-22.5 9.5T128 416q0 168 147 284 193 152 401 317 6 5 35 29.5t46 37.5 44.5 31.5T852 1143t43 9h2q20 0 43-9t50.5-27.5 44.5-31.5 46-37.5 35-29.5q208-165 401-317 54-43 100.5-115.5T1664 453zm128-37v1088q0 66-47 113t-113 47H160q-66 0-113-47T0 1504V416q0-66 47-113t113-47h1472q66 0 113 47t47 113z\"><\/path>\n    <\/svg><\/span><\/div>\n                          <div data-colibri-id=\"32-c9\" class=\"h-global-transition-all h-heading style-690 style-local-32-c9 position-relative h-element\">\n                            <!---->\n                            <div class=\"h-heading__outer style-690 style-local-32-c9\">\n                              <!---->\n                              <!---->\n                              <h5 class=\"\">\u00c9crivez-nous ou contactez-nous sur nos r\u00e9seaux sociaux<\/h5>\n                            <\/div>\n                          <\/div>\n                          <div data-colibri-id=\"32-c10\" class=\"style-691 style-local-32-c10 position-relative h-element\">\n                            <!---->\n                            <div class=\"d-flex flex-wrap h-social-icons justify-content-lg-center justify-content-md-center justify-content-center\">\n                              <div class=\"social-icon-container d-inline-flex\">\n                                <a href=\"https:\/\/www.linkedin.com\/company\/sim-in-trust\" h-use-smooth-scroll=\"true\">\n                                  <div class=\"icon-container h-social-icon h-global-transition\">\n                                    <div class=\"h-icon-svg\" style=\"width: 100%; height: 100%;\">\n                                      <!--Icon by Socicon (http:\/\/www.socicon.com)-->\n                                      <svg version=\"1.1\" xmlns=\"http:\/\/www.w3.org\/2000\/svg\" viewBox=\"0 0 1500 1500\">\n\n                                        <path d=\"M1122.070 767.578c-20.508-23.438-55.664-35.156-105.469-35.156-64.453 0-108.398 20.508-134.766 55.664-26.367 38.086-38.086 90.82-38.086 158.203v512.695c0 8.789-2.93 17.578-11.719 26.367-5.859 5.859-17.578 11.719-26.367 11.719h-269.531c-8.789 0-17.578-5.859-26.367-11.719-5.859-8.789-11.719-17.578-11.719-26.367v-946.289c0-8.789 5.859-17.578 11.719-26.367 8.789-5.859 17.578-11.719 26.367-11.719h260.742c8.789 0 17.578 2.93 23.438 5.859s8.789 11.719 11.719 20.508c0 8.789 2.93 17.578 2.93 20.508s0 11.719 0 23.438c67.383-64.453 158.203-93.75 266.602-93.75 125.977 0 222.656 29.297 292.969 90.82 70.313 64.453 105.469 155.273 105.469 278.32v638.672c0 8.789-2.93 17.578-11.719 26.367-5.859 5.859-17.578 11.719-26.367 11.719h-275.391c-8.789 0-17.578-5.859-26.367-11.719-5.859-8.789-11.719-17.578-11.719-26.367v-577.148c0-49.805-8.789-87.891-26.367-114.258zM310.547 313.477c-35.156 35.156-79.102 52.734-128.906 52.734s-93.75-17.578-128.906-52.734c-35.156-35.156-52.734-76.172-52.734-128.906 0-49.805 17.578-90.82 52.734-125.977s79.102-55.664 128.906-55.664c49.805 0 93.75 20.508 128.906 55.664s52.734 76.172 52.734 125.977c0 52.734-17.578 93.75-52.734 128.906zM354.492 512.695v946.289c0 8.789-5.859 17.578-11.719 26.367-8.789 5.859-17.578 11.719-26.367 11.719h-269.531c-8.789 0-17.578-5.859-26.367-11.719-5.859-8.789-11.719-17.578-11.719-26.367v-946.289c0-8.789 5.859-17.578 11.719-26.367 8.789-5.859 17.578-11.719 26.367-11.719h269.531c8.789 0 17.578 5.859 26.367 11.719 5.859 8.789 11.719 17.578 11.719 26.367z\"><\/path>\n                                      <\/svg>\n                                    <\/div>\n                                  <\/div>\n                                <\/a>\n                              <\/div>\n                              <div class=\"social-icon-container d-inline-flex\">\n                                <a href=\"https:\/\/www.facebook.com\/profile.php?id=100088201866424\" h-use-smooth-scroll=\"true\">\n                                  <div class=\"icon-container h-social-icon h-global-transition\">\n                                    <div class=\"h-icon-svg\" style=\"width: 100%; height: 100%;\">\n                                      <!--Icon by Font Awesome (https:\/\/fontawesome.com)-->\n                                      <svg version=\"1.1\" xmlns=\"http:\/\/www.w3.org\/2000\/svg\" xmlns:xlink=\"http:\/\/www.w3.org\/1999\/xlink\" id=\"facebook-square\" viewBox=\"0 0 1536 1896.0833\">\n                                        <path d=\"M1248 128q119 0 203.5 84.5T1536 416v960q0 119-84.5 203.5T1248 1664h-188v-595h199l30-232h-229V689q0-56 23.5-84t91.5-28l122-1V369q-63-9-178-9-136 0-217.5 80T820 666v171H620v232h200v595H288q-119 0-203.5-84.5T0 1376V416q0-119 84.5-203.5T288 128h960z\"><\/path>\n                                      <\/svg>\n                                    <\/div>\n                                  <\/div>\n                                <\/a>\n                              <\/div>\n                            <\/div>\n                          <\/div>\n                        <\/div>\n                      <\/div>\n                    <\/div>\n                    <div class=\"h-column h-column-container d-flex h-col-lg-auto h-col-md-auto h-col-auto style-692-outer style-local-32-c11-outer\">\n                      <div data-colibri-id=\"32-c11\" class=\"d-flex h-flex-basis h-column__inner h-px-lg-0 h-px-md-0 h-px-0 v-inner-lg-0 v-inner-md-0 v-inner-0 style-692 style-local-32-c11 position-relative\">\n                        <!---->\n                        <!---->\n                        <div class=\"w-100 h-y-container h-column__content h-column__v-align flex-basis-100 align-self-lg-center align-self-md-center align-self-center\">\n                          <!---->\n                          <div data-colibri-id=\"32-c12\" class=\"h-contact-form__outer--forminator style-693 style-local-32-c12 position-relative h-element\">\n                            <!---->\n                            <div class=\"h-global-transition-all h-global-transition h-global-transition-all h-contact-form-shortcode\"><div class=\"forminator-ui forminator-custom-form forminator-custom-form-622 forminator-design--default  forminator_ajax\" data-forminator-render=\"0\" data-form=\"forminator-module-622\" data-uid=\"69e1a442a99a2\"><br\/><\/div><form\n\t\t\t\tid=\"forminator-module-622\"\n\t\t\t\tclass=\"forminator-ui forminator-custom-form forminator-custom-form-622 forminator-design--default  forminator_ajax\"\n\t\t\t\tmethod=\"post\"\n\t\t\t\tdata-forminator-render=\"0\"\n\t\t\t\tdata-form-id=\"622\"\n\t\t\t\t\n\t\t\t\tdata-design=\"default\"\n\t\t\t\tdata-color-option=\"default\"\n\t\t\t\t\n\t\t\t\t\n\t\t\t\t\n\t\t\t\tdata-grid=\"open\"\n\t\t\t\t\n\t\t\t\t\n\t\t\t\tstyle=\"display: none;\"\n\t\t\t\t\n\t\t\t\tdata-uid=\"69e1a442a99a2\"\n\t\t\t><div role=\"alert\" aria-live=\"polite\" class=\"forminator-response-message forminator-error\" aria-hidden=\"true\"><\/div><div class=\"forminator-row\"><div id=\"name-1\" class=\"forminator-field-name forminator-col forminator-col-12 \"><div class=\"forminator-field\"><label for=\"forminator-field-name-1_69e1a442a99a2\" id=\"forminator-field-name-1_69e1a442a99a2-label\" class=\"forminator-label\">Nom de la soci\u00e9t\u00e9 <span class=\"forminator-required\">*<\/span><\/label><input type=\"text\" name=\"name-1\" value=\"\" placeholder=\"ex. MyCompany\" id=\"forminator-field-name-1_69e1a442a99a2\" class=\"forminator-input forminator-name--field\" aria-required=\"true\" \/><\/div><\/div><\/div><div class=\"forminator-row\"><div id=\"name-2\" class=\"forminator-field-name forminator-col forminator-col-6 \"><div class=\"forminator-field\"><label for=\"forminator-field-name-2_69e1a442a99a2\" id=\"forminator-field-name-2_69e1a442a99a2-label\" class=\"forminator-label\">Nom<\/label><input type=\"text\" name=\"name-2\" value=\"\" placeholder=\"ex. John Doe\" id=\"forminator-field-name-2_69e1a442a99a2\" class=\"forminator-input forminator-name--field\" aria-required=\"false\" \/><\/div><\/div><div id=\"email-1\" class=\"forminator-field-email forminator-col forminator-col-6 \"><div class=\"forminator-field\"><label for=\"forminator-field-email-1_69e1a442a99a2\" id=\"forminator-field-email-1_69e1a442a99a2-label\" class=\"forminator-label\">Courriel <span class=\"forminator-required\">*<\/span><\/label><input type=\"email\" name=\"email-1\" value=\"\" placeholder=\"ex. john.doe@mycompany.com\" id=\"forminator-field-email-1_69e1a442a99a2\" class=\"forminator-input forminator-email--field\" data-required=\"true\" aria-required=\"true\" \/><\/div><\/div><\/div><div class=\"forminator-row\"><div id=\"phone-1\" class=\"forminator-field-phone forminator-col forminator-col-12 \"><div class=\"forminator-field\"><label for=\"forminator-field-phone-1_69e1a442a99a2\" id=\"forminator-field-phone-1_69e1a442a99a2-label\" class=\"forminator-label\">Num\u00e9ro de t\u00e9l\u00e9phone<\/label><input type=\"text\" name=\"phone-1\" value=\"\" placeholder=\"ex. +33 0123456789\" id=\"forminator-field-phone-1_69e1a442a99a2\" class=\"forminator-input forminator-field--phone\" data-required=\"\" aria-required=\"false\" autocomplete=\"off\" \/><\/div><\/div><\/div><div class=\"forminator-row\"><div id=\"textarea-1\" class=\"forminator-field-textarea forminator-col forminator-col-12 \"><div class=\"forminator-field\"><label for=\"forminator-field-textarea-1_69e1a442a99a2\" id=\"forminator-field-textarea-1_69e1a442a99a2-label\" class=\"forminator-label\">Message<\/label><textarea name=\"textarea-1\" placeholder=\"Tapez votre message...\" id=\"forminator-field-textarea-1_69e1a442a99a2\" class=\"forminator-textarea\" rows=\"6\" style=\"min-height:140px;\" maxlength=\"180\" ><\/textarea><span id=\"forminator-field-textarea-1_69e1a442a99a2-description\" class=\"forminator-description\"><span data-limit=\"180\" data-type=\"characters\" data-editor=\"\">0 \/ 180<\/span><\/span><\/div><\/div><\/div><div class=\"forminator-row forminator-hidden\"><input type=\"hidden\" id=\"hidden-1_69e1a442a99a2\" name=\"hidden-1\" value=\"216.73.216.125\" \/><\/div><div class=\"forminator-row\"><div id=\"captcha-1\" class=\"forminator-field-captcha forminator-col forminator-col-12 \"><div class=\"forminator-captcha-left forminator-hcaptcha\" data-theme=\"light\"  data-sitekey=\"9f8f5197-04fd-448c-90cf-15ec73571d8b\" data-size=\"normal\"><\/div> <\/div><\/div><input type=\"hidden\" name=\"referer_url\" value=\"\" \/><div class=\"forminator-row forminator-row-last\"><div class=\"forminator-col\"><div class=\"forminator-field\"><button class=\"forminator-button forminator-button-submit\">Envoyer<\/button><\/div><\/div><\/div><input type=\"hidden\" id=\"forminator_nonce\" name=\"forminator_nonce\" value=\"4714969fce\" \/><input type=\"hidden\" name=\"_wp_http_referer\" value=\"\/fr-fr\/wp-json\/wp\/v2\/pages\/32\" \/><input type=\"hidden\" name=\"form_id\" value=\"622\"><input type=\"hidden\" name=\"page_id\" value=\"32\"><input type=\"hidden\" name=\"form_type\" value=\"default\"><input type=\"hidden\" name=\"current_url\" value=\"https:\/\/sim-in-trust.com\/fr-fr\/\"><input type=\"hidden\" name=\"render_id\" value=\"0\"><input type=\"hidden\" name=\"action\" value=\"forminator_submit_form_custom-forms\"><\/form><\/div>\n                          <\/div>\n                        <\/div>\n                      <\/div>\n                    <\/div>\n                  <\/div>\n                <\/div>\n              <\/div>\n            <\/div>\n          <\/div>\n        <\/div>\n      <\/div>\n    <\/div>\n  <\/div>\n<\/div>","protected":false},"excerpt":{"rendered":"<p>Informations de contact \u00c9crivez-nous ou contactez-nous sur nos r\u00e9seaux sociaux<\/p>\n","protected":false},"author":1,"featured_media":0,"parent":0,"menu_order":0,"comment_status":"closed","ping_status":"closed","template":"page-templates\/homepage.php","meta":{"footnotes":""},"class_list":["post-32","page","type-page","status-publish","hentry"],"_links":{"self":[{"href":"https:\/\/sim-in-trust.com\/fr-fr\/wp-json\/wp\/v2\/pages\/32","targetHints":{"allow":["GET"]}}],"collection":[{"href":"https:\/\/sim-in-trust.com\/fr-fr\/wp-json\/wp\/v2\/pages"}],"about":[{"href":"https:\/\/sim-in-trust.com\/fr-fr\/wp-json\/wp\/v2\/types\/page"}],"author":[{"embeddable":true,"href":"https:\/\/sim-in-trust.com\/fr-fr\/wp-json\/wp\/v2\/users\/1"}],"replies":[{"embeddable":true,"href":"https:\/\/sim-in-trust.com\/fr-fr\/wp-json\/wp\/v2\/comments?post=32"}],"version-history":[{"count":20,"href":"https:\/\/sim-in-trust.com\/fr-fr\/wp-json\/wp\/v2\/pages\/32\/revisions"}],"predecessor-version":[{"id":1261,"href":"https:\/\/sim-in-trust.com\/fr-fr\/wp-json\/wp\/v2\/pages\/32\/revisions\/1261"}],"wp:attachment":[{"href":"https:\/\/sim-in-trust.com\/fr-fr\/wp-json\/wp\/v2\/media?parent=32"}],"curies":[{"name":"wp","href":"https:\/\/api.w.org\/{rel}","templated":true}]}}